{"id":26,"date":"2025-05-23T10:03:42","date_gmt":"2025-05-23T08:03:42","guid":{"rendered":"https:\/\/konnelekcje.pl\/?page_id=26"},"modified":"2025-05-23T10:17:57","modified_gmt":"2025-05-23T08:17:57","slug":"jazdy-konne-lublin","status":"publish","type":"page","link":"http:\/\/konnelekcje.pl\/","title":{"rendered":"Jazdy konne lublin"},"content":{"rendered":"\n<pre class=\"wp-block-code\"><code>\n\n\nInstruktor Jazdy Konnej w Lublinie \u2013 Nauka i Doskonalenie Umiej\u0119tno\u015bci\n\n\nInstruktor Jazdy Konnej w Lublinie\nProfesjonalna nauka jazdy konnej dla ka\u017cdego \u2013 zacznij swoj\u0105 przygod\u0119 ju\u017c dzi\u015b!\n\nWitamy na stronie profesjonalnego instruktora jazdy konnej w Lublinie\nJe\u015bli szukasz do\u015bwiadczonego instruktora jazdy konnej w Lublinie, kt\u00f3ry pomo\u017ce Ci rozwin\u0105\u0107 umiej\u0119tno\u015bci je\u017adzieckie lub rozpocz\u0105\u0107 nauk\u0119 od podstaw, to jeste\u015b we w\u0142a\u015bciwym miejscu. Oferuj\u0119 indywidualne oraz grupowe lekcje jazdy konnej dostosowane do Twoich potrzeb i poziomu zaawansowania.\n\n \n            <h3>Nauka jazdy konnej dla pocz\u0105tkuj\u0105cych<\/h3>\n            <p>Bezpieczne i skuteczne wprowadzenie do \u015bwiata jazdy konnej. Nauczysz si\u0119 podstaw postawy, prowadzenia konia oraz praktyki na uje\u017cd\u017calni.<\/p>\n      \n       \n            <h3>Kursy doskonal\u0105ce i trening je\u017adziecki<\/h3>\n            <p>Zaawansowane techniki jazdy konnej, praca nad r\u00f3wnowag\u0105, precyzj\u0105 i kontrol\u0105 nad koniem. Przygotowanie do zawod\u00f3w i pokaz\u00f3w.<\/p>Cennik Instruktora Je\u017adziectwa w Lublinie:\n\n\n    Godzina indywidualnej nauki jazdy (60 min): 150\u2013200 z\u0142\n    Lekcja grupowa (2\u20134 osoby, 60 min): 80\u2013120 z\u0142 od osoby\n    Pakiet 5 lekcji indywidualnych: 700\u2013950 z\u0142 (z rabatem ok. 10%)\n\nKursy i szkolenia:\n\n    Kurs podstawowy (np. 10 godzin): 1 400\u20132 000 z\u0142\n    Kurs zaawansowany (np. 20 godzin): 2 600\u20133 800 z\u0142\n    Kurs dla dzieci i m\u0142odzie\u017cy (zaj\u0119cia raz w tygodniu, 8-10 spotka\u0144): 1 200\u20132 000 z\u0142\n\nDodatkowe us\u0142ugi:\n\n    Przygotowanie konia do jazdy (np. czyszczenie, siod\u0142anie): 50\u201380 z\u0142\n    Opieka nad koniem (np. karmienie, sprz\u0105tanie stajni): 30\u201350 z\u0142 za wizyt\u0119\n    Jazda terenowa (np. wycieczka z instruktorem, 2 godziny): 250\u2013350 z\u0142\n\nDla klient\u00f3w korzystaj\u0105cych z d\u0142u\u017cszej wsp\u00f3\u0142pracy:\n\n    Sta\u0142a op\u0142ata miesi\u0119czna za regularne lekcje (np. 4 godziny miesi\u0119cznie): 550\u2013750 z\u0142\n    Pakiety rodzinne lub grupowe (np. 10 lekcji): 1 400\u20132 000 z\u0142\n\nDodatkowe informacje:\n\n    Op\u0142ata za wypo\u017cyczenie sprz\u0119tu (je\u017adzieckiego): 20\u201350 z\u0142 za lekcj\u0119\n    Wst\u0119pne konsultacje i jazdy pr\u00f3bne: 50\u2013100 z\u0142\n\n        \n        <\/code><\/pre>\n","protected":false},"excerpt":{"rendered":"","protected":false},"author":1,"featured_media":0,"parent":0,"menu_order":0,"comment_status":"closed","ping_status":"closed","template":"","meta":{"footnotes":""},"class_list":["post-26","page","type-page","status-publish","hentry"],"_links":{"self":[{"href":"http:\/\/konnelekcje.pl\/index.php?rest_route=\/wp\/v2\/pages\/26","targetHints":{"allow":["GET"]}}],"collection":[{"href":"http:\/\/konnelekcje.pl\/index.php?rest_route=\/wp\/v2\/pages"}],"about":[{"href":"http:\/\/konnelekcje.pl\/index.php?rest_route=\/wp\/v2\/types\/page"}],"author":[{"embeddable":true,"href":"http:\/\/konnelekcje.pl\/index.php?rest_route=\/wp\/v2\/users\/1"}],"replies":[{"embeddable":true,"href":"http:\/\/konnelekcje.pl\/index.php?rest_route=%2Fwp%2Fv2%2Fcomments&post=26"}],"version-history":[{"count":3,"href":"http:\/\/konnelekcje.pl\/index.php?rest_route=\/wp\/v2\/pages\/26\/revisions"}],"predecessor-version":[{"id":30,"href":"http:\/\/konnelekcje.pl\/index.php?rest_route=\/wp\/v2\/pages\/26\/revisions\/30"}],"wp:attachment":[{"href":"http:\/\/konnelekcje.pl\/index.php?rest_route=%2Fwp%2Fv2%2Fmedia&parent=26"}],"curies":[{"name":"wp","href":"https:\/\/api.w.org\/{rel}","templated":true}]}}